{"id":1943,"date":"2024-05-13T15:03:57","date_gmt":"2024-05-13T13:03:57","guid":{"rendered":"https:\/\/jahresbericht-verbundvolksbank-owl.de\/2023\/?page_id=1943"},"modified":"2024-05-31T06:41:04","modified_gmt":"2024-05-31T04:41:04","slug":"editorial","status":"publish","type":"page","link":"https:\/\/jahresbericht-verbundvolksbank-owl.de\/2023\/editorial\/","title":{"rendered":"Editorial"},"content":{"rendered":"<section class=\"l-section wpb_row us_custom_fe6b4b6e us_animate_this height_medium width_custom\" style=\"--site-content-width:600px;\"><div class=\"l-section-h i-cf\"><div class=\"g-cols vc_row via_flex valign_top type_default stacking_default\"><div class=\"vc_col-sm-12 wpb_column vc_column_container\"><div class=\"vc_column-inner\"><div class=\"wpb_wrapper\"><div class=\"w-image align_none\"><div class=\"w-image-h\"><img decoding=\"async\" width=\"1024\" height=\"768\" src=\"https:\/\/jahresbericht-verbundvolksbank-owl.de\/2023\/wp-content\/uploads\/2024\/05\/Zitat_Einstiegsteaser-1024x768.png\" class=\"attachment-large size-large\" alt=\"\" loading=\"lazy\" srcset=\"https:\/\/jahresbericht-verbundvolksbank-owl.de\/2023\/wp-content\/uploads\/2024\/05\/Zitat_Einstiegsteaser-1024x768.png 1024w, https:\/\/jahresbericht-verbundvolksbank-owl.de\/2023\/wp-content\/uploads\/2024\/05\/Zitat_Einstiegsteaser-300x225.png 300w, https:\/\/jahresbericht-verbundvolksbank-owl.de\/2023\/wp-content\/uploads\/2024\/05\/Zitat_Einstiegsteaser.png 1200w\" sizes=\"auto, (max-width: 1024px) 100vw, 1024px\" \/><\/div><\/div><\/div><\/div><\/div><\/div><\/div><\/section><section class=\"l-section wpb_row us_custom_cf3d7369 height_auto width_custom with_img parallax_ver parallaxdir_reversed\" style=\"--site-content-width:1000px;\"><div class=\"l-section-img\" role=\"img\" data-img-width=\"1920\" data-img-height=\"1080\" style=\"background-image: url(https:\/\/jahresbericht-verbundvolksbank-owl.de\/2023\/wp-content\/uploads\/2024\/05\/Farbklekse.jpg);\"><\/div><div class=\"l-section-h i-cf\"><div class=\"g-cols vc_row via_flex valign_middle type_default stacking_default\"><div class=\"vc_col-sm-12 wpb_column vc_column_container\"><div class=\"vc_column-inner us_custom_6d4106db us_animate_this\"><div class=\"wpb_wrapper\"><div class=\"w-separator size_large\"><\/div><div class=\"w-image us_custom_b4a3cd96 align_none\"><div class=\"w-image-h\"><img decoding=\"async\" width=\"1935\" height=\"345\" src=\"https:\/\/jahresbericht-verbundvolksbank-owl.de\/2023\/wp-content\/uploads\/2024\/05\/JB2023_Image_RZ30.png\" class=\"attachment-full size-full\" alt=\"\" loading=\"lazy\" srcset=\"https:\/\/jahresbericht-verbundvolksbank-owl.de\/2023\/wp-content\/uploads\/2024\/05\/JB2023_Image_RZ30.png 1935w, https:\/\/jahresbericht-verbundvolksbank-owl.de\/2023\/wp-content\/uploads\/2024\/05\/JB2023_Image_RZ30-300x53.png 300w, https:\/\/jahresbericht-verbundvolksbank-owl.de\/2023\/wp-content\/uploads\/2024\/05\/JB2023_Image_RZ30-1024x183.png 1024w\" sizes=\"auto, (max-width: 1935px) 100vw, 1935px\" \/><\/div><\/div><div class=\"w-separator size_small\"><\/div><div class=\"wpb_text_column\"><div class=\"wpb_wrapper\"><p class=\"p1\">wie wichtig etwas ist, merkt man oft erst, wenn es fehlt. Dies gilt in besonderer Weise auch f\u00fcr Vielfalt. Obwohl wir in einer bunten, diversen und pluralen Gesellschaft leben, ist das Thema seit geraumer Zeit mehr denn je Bestandteil politischer und gesellschaftlicher Diskurse. Dass das Leben von gro\u00dfer Vielfalt gepr\u00e4gt ist, steht dabei au\u00dfer Frage. Vielmehr geht es darum, inwiefern Vielfalt in der Gesellschaft \u2013 und insbesondere in Unternehmen \u2013 akzeptiert und respektiert, anerkannt und wertgesch\u00e4tzt sowie gelebt und gef\u00f6rdert wird. Aus unternehmerischer Sicht zielt der Vielfalts-Gedanke in erster Linie darauf ab, Benachteiligungen zu vermeiden und die Vielfalt der Mitarbeitenden als Chance f\u00fcr den Unternehmenserfolg zu erkennen und konstruktiv zu nutzen.<\/p>\n<p class=\"p1\">Verschiedene Initiativen engagieren sich weltweit f\u00fcr die Anerkennung, Wertsch\u00e4tzung und Einbeziehung von Vielfalt in all ihren Facetten in der Arbeitswelt. Eine wichtige Initiative f\u00fcr deutsche Arbeitgeber ist in diesem Kontext der Verein \u201eCharta der Vielfalt e. V.\u201c unter der Schirmherrschaft des Bundeskanzlers Olaf Scholz. Mit der Unterzeichnung der Charta der Vielfalt erkl\u00e4ren Arbeitgeber im Sinne einer Selbstverpflichtung, dass sie Chancengleichheit f\u00fcr ihre Mitarbeitenden herstellen beziehungsweise f\u00f6rdern werden. \u00dcber 5.000 Organisationen haben die Charta bis heute unterzeichnet \u2013 auch unsere VerbundVolksbank OWL eG z\u00e4hlt seit Anfang des Jahres 2023 dazu.<\/p>\n<p class=\"p1\">Vielfalt ist dabei f\u00fcr uns als regionale Genossenschaftsbank mehr als ein Schlagwort. Sie ist Teil unserer \u00dcberzeugung und seit jeher in unserer DNA verankert. Unsere genossenschaftlichen Werte wie Partnerschaftlichkeit, Solidarit\u00e4t, Vertrauen und Verantwortung sowie unser Unternehmensleitbild \u201eWertsch\u00f6pfung durch Wertsch\u00e4tzung\u201c dienen uns als ideeller Wegweiser und wichtiger Wertekanon f\u00fcr unser t\u00e4gliches Handeln innerhalb der Bank sowie im Umgang mit Ihnen, unseren Mitgliedern, Kunden und Gesch\u00e4ftspartnern. Gleichzeitig bildet unser Werteverst\u00e4ndnis den N\u00e4hrboden f\u00fcr einen starken Zusammenhalt in unserer Bank, der Vielfalt f\u00f6rdert. Jegliche Form der Diskriminierung hat bei uns keinen Platz, Vielfalt ist willkommen und gew\u00fcnscht!<\/p>\n<p class=\"p1\">In unserer VerbundVolksbank OWL eG umfasst Vielfalt allerdings nicht nur Kriterien wie Alter, Geschlecht oder Nationalit\u00e4t. Auch eine Vielzahl von Meinungen, die Kombination verschiedener F\u00e4higkeiten und unterschiedlicher Mindsets sind f\u00fcr uns ein Ausdruck von Vielfalt. Unser rund 1.300-k\u00f6pfiges Bank-Team aus Menschen mit unterschiedlichen Sichtweisen, Hintergr\u00fcnden, Erfahrungen und Meinungen sowie individuellen St\u00e4rken und Eigenschaften versetzt uns in die Lage, neue Perspektiven zu schaffen, Bestehendes zu hinterfragen und Innovationen voranzutreiben. Den von mehreren Studien nachgewiesenen Erfolgsfaktor Heterogenit\u00e4t in der Arbeitswelt, demzufolge gemischte beziehungsweise diverse Teams erfolgreicher sind, k\u00f6nnen wir eindeutig best\u00e4tigen. Kurzum sind wir der festen \u00dcberzeugung: Vielfalt bereichert und schafft Chancen!<\/p>\n<p class=\"p1\">Unsere Wirtschaftsregion Ostwestfalen-Lippe mit dem Altkreis Brilon zeichnet sich ebenfalls in besonderer Weise durch ihre Vielfalt aus. Mit Blick auf die heimischen Unternehmen gilt dies einerseits bez\u00fcglich des mittelst\u00e4ndischen Branchenmixes mit vielf\u00e4ltigen Spezialisierungen und Technologien. Andererseits erkennen Unternehmerinnen und Unternehmer in der Region Vielfalt als wertvolle Chance, den Herausforderungen aktueller gesellschaftlicher und wirtschaftlicher Entwicklungen \u2013 wie dem demografischen Wandel und dem Fachkr\u00e4ftemangel \u2013 erfolgreich zu begegnen. Dar\u00fcber, was Unternehmen konkret unter Vielfalt verstehen, wie sie diese interpretieren und f\u00f6rdern, berichten wir in unserem Jahresbericht. Zudem blicken wir auf ein besonders vielf\u00e4ltiges und erfolgreiches Gesch\u00e4ftsjahr 2023 zur\u00fcck.<\/p>\n<p class=\"p1\">Auch die Zusammenarbeit mit Ihnen, liebe Mitglieder und Kunden, wird durch den Austausch unterschiedlicher Blickwinkel und Erfahrungswerte bereichert. Gemeinsam entwickeln wir neue Ideen, L\u00f6sungen und finden Ans\u00e4tze, um innovative M\u00f6glichkeiten und ihre Potenziale zu erkennen und die Herausforderungen Seite an Seite anzugehen. F\u00fcr Ihr Vertrauen und Ihre Verbundenheit zu unserer VerbundVolksbank OWL eG danke ich Ihnen im Namen des Vorstandes und des gesamten Bank-Teams sehr. Unseren Mitarbeiterinnen und Mitarbeitern gilt ebenfalls unser ausdr\u00fccklicher Dank f\u00fcr ihr hohes Engagement und das erfolgreiche Gesch\u00e4ftsjahr 2023, in dem wir gemeinsam weitere Meilensteine erreicht haben, um uns vielf\u00e4ltiger und damit nachhaltig erfolgreich f\u00fcr die Zukunft aufzustellen.<\/p>\n<p class=\"p1\">Ich w\u00fcnsche Ihnen jetzt viel Freude bei der Lekt\u00fcre unseres Jahresberichts 2023.<\/p>\n<p><img loading=\"lazy\" decoding=\"async\" class=\"alignnone wp-image-1424\" src=\"https:\/\/jahresbericht-verbundvolksbank-owl.de\/2023\/wp-content\/uploads\/2024\/05\/Unterschrift_Kaeter-300x82.png\" alt=\"\" width=\"475\" height=\"130\" srcset=\"https:\/\/jahresbericht-verbundvolksbank-owl.de\/2023\/wp-content\/uploads\/2024\/05\/Unterschrift_Kaeter-300x82.png 300w, https:\/\/jahresbericht-verbundvolksbank-owl.de\/2023\/wp-content\/uploads\/2024\/05\/Unterschrift_Kaeter-1024x278.png 1024w, https:\/\/jahresbericht-verbundvolksbank-owl.de\/2023\/wp-content\/uploads\/2024\/05\/Unterschrift_Kaeter.png 1144w\" sizes=\"auto, (max-width: 475px) 100vw, 475px\" \/><\/p>\n<\/div><\/div><\/div><\/div><\/div><\/div><\/div><\/section>\n","protected":false},"excerpt":{"rendered":"wie wichtig etwas ist, merkt man oft erst, wenn es fehlt. Dies gilt in besonderer Weise auch f\u00fcr Vielfalt. Obwohl wir in einer bunten, diversen und pluralen Gesellschaft leben, ist das Thema seit geraumer Zeit mehr denn je Bestandteil politischer und gesellschaftlicher Diskurse. Dass das Leben von gro\u00dfer Vielfalt gepr\u00e4gt ist, steht dabei au\u00dfer Frage....","protected":false},"author":1,"featured_media":0,"parent":0,"menu_order":0,"comment_status":"closed","ping_status":"closed","template":"","meta":{"footnotes":""},"class_list":["post-1943","page","type-page","status-publish","hentry"],"yoast_head":"<!-- This site is optimized with the Yoast SEO plugin v25.1 - https:\/\/yoast.com\/wordpress\/plugins\/seo\/ -->\n<title>Interview Vorstand<\/title>\n<meta name=\"description\" content=\"Warum eine genossenschaftlich organisierte Bank in Ostwestfalen-Lippe und im Altkreis Brilon viel mehr ist als nur \u201eeine Bank\u201c, zeigt sich gerade in diesen Zeiten des Wandels.\" \/>\n<meta name=\"robots\" content=\"index, follow, max-snippet:-1, max-image-preview:large, max-video-preview:-1\" \/>\n<link rel=\"canonical\" href=\"https:\/\/jahresbericht-verbundvolksbank-owl.de\/2023\/editorial\/\" \/>\n<meta property=\"og:locale\" content=\"de_DE\" \/>\n<meta property=\"og:type\" content=\"article\" \/>\n<meta property=\"og:title\" content=\"Interview Vorstand\" \/>\n<meta property=\"og:description\" content=\"Warum eine genossenschaftlich organisierte Bank in Ostwestfalen-Lippe und im Altkreis Brilon viel mehr ist als nur \u201eeine Bank\u201c, zeigt sich gerade in diesen Zeiten des Wandels.\" \/>\n<meta property=\"og:url\" content=\"https:\/\/jahresbericht-verbundvolksbank-owl.de\/2023\/editorial\/\" \/>\n<meta property=\"og:site_name\" content=\"Jahresbericht VerbundVolksbank OWL 2023\" \/>\n<meta property=\"article:modified_time\" content=\"2024-05-31T04:41:04+00:00\" \/>\n<meta property=\"og:image\" content=\"https:\/\/jahresbericht-verbundvolksbank-owl.de\/2023\/wp-content\/uploads\/2024\/05\/Unterschrift_Kaeter-300x82.png\" \/>\n<meta name=\"twitter:card\" content=\"summary_large_image\" \/>\n<meta name=\"twitter:label1\" content=\"Gesch\u00e4tzte Lesezeit\" \/>\n\t<meta name=\"twitter:data1\" content=\"4\u00a0Minuten\" \/>\n<script type=\"application\/ld+json\" class=\"yoast-schema-graph\">{\"@context\":\"https:\/\/schema.org\",\"@graph\":[{\"@type\":\"WebPage\",\"@id\":\"https:\/\/jahresbericht-verbundvolksbank-owl.de\/2023\/editorial\/\",\"url\":\"https:\/\/jahresbericht-verbundvolksbank-owl.de\/2023\/editorial\/\",\"name\":\"Interview Vorstand\",\"isPartOf\":{\"@id\":\"https:\/\/jahresbericht-verbundvolksbank-owl.de\/2023\/#website\"},\"primaryImageOfPage\":{\"@id\":\"https:\/\/jahresbericht-verbundvolksbank-owl.de\/2023\/editorial\/#primaryimage\"},\"image\":{\"@id\":\"https:\/\/jahresbericht-verbundvolksbank-owl.de\/2023\/editorial\/#primaryimage\"},\"thumbnailUrl\":\"https:\/\/jahresbericht-verbundvolksbank-owl.de\/2023\/wp-content\/uploads\/2024\/05\/Unterschrift_Kaeter-300x82.png\",\"datePublished\":\"2024-05-13T13:03:57+00:00\",\"dateModified\":\"2024-05-31T04:41:04+00:00\",\"description\":\"Warum eine genossenschaftlich organisierte Bank in Ostwestfalen-Lippe und im Altkreis Brilon viel mehr ist als nur \u201eeine Bank\u201c, zeigt sich gerade in diesen Zeiten des Wandels.\",\"breadcrumb\":{\"@id\":\"https:\/\/jahresbericht-verbundvolksbank-owl.de\/2023\/editorial\/#breadcrumb\"},\"inLanguage\":\"de\",\"potentialAction\":[{\"@type\":\"ReadAction\",\"target\":[\"https:\/\/jahresbericht-verbundvolksbank-owl.de\/2023\/editorial\/\"]}]},{\"@type\":\"ImageObject\",\"inLanguage\":\"de\",\"@id\":\"https:\/\/jahresbericht-verbundvolksbank-owl.de\/2023\/editorial\/#primaryimage\",\"url\":\"https:\/\/jahresbericht-verbundvolksbank-owl.de\/2023\/wp-content\/uploads\/2024\/05\/Unterschrift_Kaeter.png\",\"contentUrl\":\"https:\/\/jahresbericht-verbundvolksbank-owl.de\/2023\/wp-content\/uploads\/2024\/05\/Unterschrift_Kaeter.png\",\"width\":1144,\"height\":311},{\"@type\":\"BreadcrumbList\",\"@id\":\"https:\/\/jahresbericht-verbundvolksbank-owl.de\/2023\/editorial\/#breadcrumb\",\"itemListElement\":[{\"@type\":\"ListItem\",\"position\":1,\"name\":\"Startseite\",\"item\":\"https:\/\/jahresbericht-verbundvolksbank-owl.de\/2023\/\"},{\"@type\":\"ListItem\",\"position\":2,\"name\":\"Editorial\"}]},{\"@type\":\"WebSite\",\"@id\":\"https:\/\/jahresbericht-verbundvolksbank-owl.de\/2023\/#website\",\"url\":\"https:\/\/jahresbericht-verbundvolksbank-owl.de\/2023\/\",\"name\":\"Jahresbericht VerbundVolksbank OWL 2023\",\"description\":\"\",\"potentialAction\":[{\"@type\":\"SearchAction\",\"target\":{\"@type\":\"EntryPoint\",\"urlTemplate\":\"https:\/\/jahresbericht-verbundvolksbank-owl.de\/2023\/?s={search_term_string}\"},\"query-input\":{\"@type\":\"PropertyValueSpecification\",\"valueRequired\":true,\"valueName\":\"search_term_string\"}}],\"inLanguage\":\"de\"}]}<\/script>\n<!-- \/ Yoast SEO plugin. -->","yoast_head_json":{"title":"Interview Vorstand","description":"Warum eine genossenschaftlich organisierte Bank in Ostwestfalen-Lippe und im Altkreis Brilon viel mehr ist als nur \u201eeine Bank\u201c, zeigt sich gerade in diesen Zeiten des Wandels.","robots":{"index":"index","follow":"follow","max-snippet":"max-snippet:-1","max-image-preview":"max-image-preview:large","max-video-preview":"max-video-preview:-1"},"canonical":"https:\/\/jahresbericht-verbundvolksbank-owl.de\/2023\/editorial\/","og_locale":"de_DE","og_type":"article","og_title":"Interview Vorstand","og_description":"Warum eine genossenschaftlich organisierte Bank in Ostwestfalen-Lippe und im Altkreis Brilon viel mehr ist als nur \u201eeine Bank\u201c, zeigt sich gerade in diesen Zeiten des Wandels.","og_url":"https:\/\/jahresbericht-verbundvolksbank-owl.de\/2023\/editorial\/","og_site_name":"Jahresbericht VerbundVolksbank OWL 2023","article_modified_time":"2024-05-31T04:41:04+00:00","og_image":[{"url":"https:\/\/jahresbericht-verbundvolksbank-owl.de\/2023\/wp-content\/uploads\/2024\/05\/Unterschrift_Kaeter-300x82.png","type":"","width":"","height":""}],"twitter_card":"summary_large_image","twitter_misc":{"Gesch\u00e4tzte Lesezeit":"4\u00a0Minuten"},"schema":{"@context":"https:\/\/schema.org","@graph":[{"@type":"WebPage","@id":"https:\/\/jahresbericht-verbundvolksbank-owl.de\/2023\/editorial\/","url":"https:\/\/jahresbericht-verbundvolksbank-owl.de\/2023\/editorial\/","name":"Interview Vorstand","isPartOf":{"@id":"https:\/\/jahresbericht-verbundvolksbank-owl.de\/2023\/#website"},"primaryImageOfPage":{"@id":"https:\/\/jahresbericht-verbundvolksbank-owl.de\/2023\/editorial\/#primaryimage"},"image":{"@id":"https:\/\/jahresbericht-verbundvolksbank-owl.de\/2023\/editorial\/#primaryimage"},"thumbnailUrl":"https:\/\/jahresbericht-verbundvolksbank-owl.de\/2023\/wp-content\/uploads\/2024\/05\/Unterschrift_Kaeter-300x82.png","datePublished":"2024-05-13T13:03:57+00:00","dateModified":"2024-05-31T04:41:04+00:00","description":"Warum eine genossenschaftlich organisierte Bank in Ostwestfalen-Lippe und im Altkreis Brilon viel mehr ist als nur \u201eeine Bank\u201c, zeigt sich gerade in diesen Zeiten des Wandels.","breadcrumb":{"@id":"https:\/\/jahresbericht-verbundvolksbank-owl.de\/2023\/editorial\/#breadcrumb"},"inLanguage":"de","potentialAction":[{"@type":"ReadAction","target":["https:\/\/jahresbericht-verbundvolksbank-owl.de\/2023\/editorial\/"]}]},{"@type":"ImageObject","inLanguage":"de","@id":"https:\/\/jahresbericht-verbundvolksbank-owl.de\/2023\/editorial\/#primaryimage","url":"https:\/\/jahresbericht-verbundvolksbank-owl.de\/2023\/wp-content\/uploads\/2024\/05\/Unterschrift_Kaeter.png","contentUrl":"https:\/\/jahresbericht-verbundvolksbank-owl.de\/2023\/wp-content\/uploads\/2024\/05\/Unterschrift_Kaeter.png","width":1144,"height":311},{"@type":"BreadcrumbList","@id":"https:\/\/jahresbericht-verbundvolksbank-owl.de\/2023\/editorial\/#breadcrumb","itemListElement":[{"@type":"ListItem","position":1,"name":"Startseite","item":"https:\/\/jahresbericht-verbundvolksbank-owl.de\/2023\/"},{"@type":"ListItem","position":2,"name":"Editorial"}]},{"@type":"WebSite","@id":"https:\/\/jahresbericht-verbundvolksbank-owl.de\/2023\/#website","url":"https:\/\/jahresbericht-verbundvolksbank-owl.de\/2023\/","name":"Jahresbericht VerbundVolksbank OWL 2023","description":"","potentialAction":[{"@type":"SearchAction","target":{"@type":"EntryPoint","urlTemplate":"https:\/\/jahresbericht-verbundvolksbank-owl.de\/2023\/?s={search_term_string}"},"query-input":{"@type":"PropertyValueSpecification","valueRequired":true,"valueName":"search_term_string"}}],"inLanguage":"de"}]}},"_links":{"self":[{"href":"https:\/\/jahresbericht-verbundvolksbank-owl.de\/2023\/wp-json\/wp\/v2\/pages\/1943","targetHints":{"allow":["GET"]}}],"collection":[{"href":"https:\/\/jahresbericht-verbundvolksbank-owl.de\/2023\/wp-json\/wp\/v2\/pages"}],"about":[{"href":"https:\/\/jahresbericht-verbundvolksbank-owl.de\/2023\/wp-json\/wp\/v2\/types\/page"}],"author":[{"embeddable":true,"href":"https:\/\/jahresbericht-verbundvolksbank-owl.de\/2023\/wp-json\/wp\/v2\/users\/1"}],"replies":[{"embeddable":true,"href":"https:\/\/jahresbericht-verbundvolksbank-owl.de\/2023\/wp-json\/wp\/v2\/comments?post=1943"}],"version-history":[{"count":7,"href":"https:\/\/jahresbericht-verbundvolksbank-owl.de\/2023\/wp-json\/wp\/v2\/pages\/1943\/revisions"}],"predecessor-version":[{"id":2115,"href":"https:\/\/jahresbericht-verbundvolksbank-owl.de\/2023\/wp-json\/wp\/v2\/pages\/1943\/revisions\/2115"}],"wp:attachment":[{"href":"https:\/\/jahresbericht-verbundvolksbank-owl.de\/2023\/wp-json\/wp\/v2\/media?parent=1943"}],"curies":[{"name":"wp","href":"https:\/\/api.w.org\/{rel}","templated":true}]}}