{"id":1943,"date":"2024-05-13T15:03:57","date_gmt":"2024-05-13T13:03:57","guid":{"rendered":"https:\/\/jahresbericht-verbundvolksbank-owl.de\/2024\/?page_id=1943"},"modified":"2025-05-27T10:28:53","modified_gmt":"2025-05-27T08:28:53","slug":"editorial","status":"publish","type":"page","link":"https:\/\/jahresbericht-verbundvolksbank-owl.de\/2024\/editorial\/","title":{"rendered":"Editorial"},"content":{"rendered":"<section class=\"l-section wpb_row us_custom_5687401a us_animate_this height_medium width_custom\" style=\"--site-content-width:600px;\"><div class=\"l-section-h i-cf\"><div class=\"g-cols vc_row via_flex valign_top type_default stacking_default\"><div class=\"vc_col-sm-12 wpb_column vc_column_container\"><div class=\"vc_column-inner\"><div class=\"wpb_wrapper\"><div class=\"w-image align_none\"><div class=\"w-image-h\"><img decoding=\"async\" width=\"1024\" height=\"768\" src=\"https:\/\/jahresbericht-verbundvolksbank-owl.de\/2024\/wp-content\/uploads\/2025\/05\/Zitat_Einstiegsteaser_weiss-1024x768.png\" class=\"attachment-large size-large\" alt=\"Zitat\" loading=\"lazy\" srcset=\"https:\/\/jahresbericht-verbundvolksbank-owl.de\/2024\/wp-content\/uploads\/2025\/05\/Zitat_Einstiegsteaser_weiss-1024x768.png 1024w, https:\/\/jahresbericht-verbundvolksbank-owl.de\/2024\/wp-content\/uploads\/2025\/05\/Zitat_Einstiegsteaser_weiss-300x225.png 300w, https:\/\/jahresbericht-verbundvolksbank-owl.de\/2024\/wp-content\/uploads\/2025\/05\/Zitat_Einstiegsteaser_weiss.png 1200w\" sizes=\"auto, (max-width: 1024px) 100vw, 1024px\" \/><\/div><\/div><\/div><\/div><\/div><\/div><\/div><\/section><section class=\"l-section wpb_row us_custom_cf3d7369 height_auto width_custom\" style=\"--site-content-width:1000px;\"><div class=\"l-section-h i-cf\"><div class=\"g-cols vc_row via_flex valign_middle type_default stacking_default\"><div class=\"vc_col-sm-12 wpb_column vc_column_container\"><div class=\"vc_column-inner us_custom_6d4106db us_animate_this\"><div class=\"wpb_wrapper\"><div class=\"w-separator size_large\"><\/div><div class=\"w-image us_custom_b4a3cd96 align_none\"><div class=\"w-image-h\"><img decoding=\"async\" width=\"1935\" height=\"345\" src=\"https:\/\/jahresbericht-verbundvolksbank-owl.de\/2024\/wp-content\/uploads\/2024\/05\/JB2023_Image_RZ30.png\" class=\"attachment-full size-full\" alt=\"Handgeschriebener Text &quot;Liebe Mitglieder und Kunden&quot;\" loading=\"lazy\" srcset=\"https:\/\/jahresbericht-verbundvolksbank-owl.de\/2024\/wp-content\/uploads\/2024\/05\/JB2023_Image_RZ30.png 1935w, https:\/\/jahresbericht-verbundvolksbank-owl.de\/2024\/wp-content\/uploads\/2024\/05\/JB2023_Image_RZ30-300x53.png 300w, https:\/\/jahresbericht-verbundvolksbank-owl.de\/2024\/wp-content\/uploads\/2024\/05\/JB2023_Image_RZ30-1024x183.png 1024w\" sizes=\"auto, (max-width: 1935px) 100vw, 1935px\" \/><\/div><\/div><div class=\"w-separator size_small\"><\/div><div class=\"wpb_text_column\"><div class=\"wpb_wrapper\"><p>unsere Welt befindet sich aktuell in einem starken Wandel \u2013 in politischer, gesellschaftlicher, sozialer und wirtschaftlicher Hinsicht. Trotz oder gerade wegen dieser ver\u00e4nderungsreichen Zeiten zuversichtlich zu sein und zu bleiben, mag einigen nicht ganz leichtfallen. Doch wir sind u\u0308berzeugt, dass es gute Gru\u0308nde gibt, Ungewissheit und Unsicherheit mit einer zuversichtlichen Haltung aktiv entgegenzutreten. Dabei hat Zuversicht nichts mit der Wunschvorstellung einer idealen Welt zu tun. Vielmehr ist sie gerade jetzt notwendig, um die vielen Herausforderungen chancenorientiert zu meistern. Sind wir zuversichtlich, dann finden wir L\u00f6sungsm\u00f6glichkeiten und Perspektiven und packen unsere Zukunft an. Denn Zukunft kommt von Zuversicht.<\/p>\n<p>Im Gegensatz zu Hoffnung weist Zuversicht also eine aktive Komponente auf. Statt darauf zu warten, dass sich \u00e4u\u00dfere Umst\u00e4nde \u00e4ndern, basiert sie auf einem festen Vertrauen, einem realistischen Optimismus und der \u00dcberzeugung, dass jede und jeder von uns in vielerlei Hinsicht selbst Einfluss nehmen und positive Ver\u00e4nderungen herbeifu\u0308hren kann. Zuversicht dient uns demnach als mentale Energiequelle und verleiht uns den Willen, aktiv zu handeln und Probleme konstruktiv zu l\u00f6sen. Und diese Grundhaltung und Mentalit\u00e4t beweisen und leben Sie, liebe Mitglieder und Kunden, wie auch die rund 1.300 Mitarbeitenden unserer VerbundVolksbank OWL eindrucksvoll im t\u00e4glichen Handeln. Daher haben wir uns entschieden, unseren Jahresbericht 2024 unter den Leitgedanken \u201eZuversicht\u201c zu stellen.<\/p>\n<p>Zuversicht verstehen wir als regionale Genossenschaftsbank seit jeher als unsere unternehmerische Pflicht und regionale Verantwortung. Dies bewiesen bereits die genossenschaftlichen Gru\u0308nderv\u00e4ter um Friedrich Wilhelm Raiffeisen und Franz Hermann Schulze-Delitzsch, die Mitte des 19. Jahrhunderts \u2013 einer Zeit wirtschaftlicher Not \u2013 als Pioniere und geistige Vordenker die solidarische Grundidee \u201eWas einer alleine nicht schafft, das schaffen viele\u201c pr\u00e4gten. Heute haben die Volksbanken und Raiffeisenbanken bundesweit rund 18 Millionen Mitglieder \u2013 rund 165.000 davon sind Miteigentu\u0308mer unserer VerbundVolksbank OWL. Die Vereinten Nationen unterstreichen die gro\u00dfe Bedeutung des Genossenschaftsprinzips zudem, indem sie 2025 als Internationales Jahr der Genossenschaften ausriefen. Diese Erfolgsgeschichte fu\u0308hrt vor Augen, welch gro\u00dfe Kraft eine zuversichtliche Haltung in sich birgt.<\/p>\n<p>Damals wie heute erm\u00f6glicht es Zuversicht, Herausforderungen anzunehmen und innovative L\u00f6sungen zu entwickeln. Wenn wir positiv in die Zukunft blicken, schaffen wir ein Umfeld, in dem Kreativit\u00e4t und Leistungsf\u00e4higkeit wachsen k\u00f6nnen. Wichtig dafu\u0308r ist, dass wir Chancen erkennen, M\u00f6glichkeiten nutzen und bereit sind, neue Wege zu gehen.<\/p>\n<p>Auf den folgenden Seiten erfahren Sie, warum Unternehmen in Ostwestfalen-Lippe und im Altkreis Brilon zuversichtlich und chancenorientiert in die Zukunft schauen, wie sie Herausforderungen erfolgreich meistern und bereits heute die Grundlagen fu\u0308r ihren Erfolg von morgen legen. Trotz der Vielseitigkeit und Individualit\u00e4t der Unternehmen in unserem Jahresbericht verbindet sie der gemeinsame Grundsatz: \u201eGutes bewahren und Neues wagen\u201c. Diesem Credo folgend blicken auch wir voller Dankbarkeit gegenu\u0308ber Ihnen, unseren Mitgliedern und Kunden, sowie unseren Mitarbeitenden auf ein Gesch\u00e4ftsjahr des Wachstums zuru\u0308ck und schauen zuversichtlich in die Zukunft. Die Basis unserer erfolgreichen Zusammenarbeit bildet unser Unternehmensleitbild \u201eWertsch\u00f6pfung durch Wertsch\u00e4tzung\u201c mit den Werten Fairness, Anerkennung, Mut, Vertrauen, Empathie, Offenheit, Teamgeist und Verantwortung. Insbesondere Vertrauen ist dabei fu\u0308r eine zuversichtliche Haltung unabdingbar, wie es der r\u00f6mische Staatsmann und Philosoph Cicero passend beschrieb.<\/p>\n<p>In diesem Sinne danke ich Ihnen fu\u0308r Ihr Vertrauen und freue mich darauf, zusammen mit Ihnen zuversichtliche Pl\u00e4ne fu\u0308r die Zukunft zu schmieden. Lassen Sie uns auch ku\u0308nftig mutig und entschlossen vieles gemeinsam wagen, um die Zukunft in unserer lebenswerten Wirtschaftsregion aktiv zu gestalten.<\/p>\n<p>Ich wu\u0308nsche Ihnen eine anregende Lektu\u0308re unseres Jahresberichts 2024 mit vielen Zuversichts-Impulsen und -Momenten!<\/p>\n<p><img loading=\"lazy\" decoding=\"async\" class=\"alignnone wp-image-1424\" src=\"https:\/\/jahresbericht-verbundvolksbank-owl.de\/2024\/wp-content\/uploads\/2024\/05\/Unterschrift_Kaeter-300x82.png\" alt=\"\" width=\"479\" height=\"131\" srcset=\"https:\/\/jahresbericht-verbundvolksbank-owl.de\/2024\/wp-content\/uploads\/2024\/05\/Unterschrift_Kaeter-300x82.png 300w, https:\/\/jahresbericht-verbundvolksbank-owl.de\/2024\/wp-content\/uploads\/2024\/05\/Unterschrift_Kaeter-1024x278.png 1024w, https:\/\/jahresbericht-verbundvolksbank-owl.de\/2024\/wp-content\/uploads\/2024\/05\/Unterschrift_Kaeter.png 1144w\" sizes=\"auto, (max-width: 479px) 100vw, 479px\" \/><\/p>\n<\/div><\/div><\/div><\/div><\/div><\/div><\/div><\/section>\n","protected":false},"excerpt":{"rendered":"unsere Welt befindet sich aktuell in einem starken Wandel \u2013 in politischer, gesellschaftlicher, sozialer und wirtschaftlicher Hinsicht. Trotz oder gerade wegen dieser ver\u00e4nderungsreichen Zeiten zuversichtlich zu sein und zu bleiben, mag einigen nicht ganz leichtfallen. Doch wir sind u\u0308berzeugt, dass es gute Gru\u0308nde gibt, Ungewissheit und Unsicherheit mit einer zuversichtlichen Haltung aktiv entgegenzutreten. Dabei hat...","protected":false},"author":1,"featured_media":0,"parent":0,"menu_order":0,"comment_status":"closed","ping_status":"closed","template":"","meta":{"footnotes":""},"class_list":["post-1943","page","type-page","status-publish","hentry"],"yoast_head":"<!-- This site is optimized with the Yoast SEO plugin v27.5 - https:\/\/yoast.com\/product\/yoast-seo-wordpress\/ -->\n<title>Jahresbericht VerbundVolksbank - Editorial<\/title>\n<meta name=\"description\" content=\"Unsere Welt befindet sich aktuell in einem starken Wandel \u2013 in politischer, gesellschaftlicher, sozialer und wirtschaftlicher Hinsicht. Trotz oder gerade wegen dieser ver\u00e4nderungsreichen Zeiten zuversichtlich zu sein und zu bleiben, mag einigen nicht ganz leichtfallen.\" \/>\n<meta name=\"robots\" content=\"index, follow, max-snippet:-1, max-image-preview:large, max-video-preview:-1\" \/>\n<link rel=\"canonical\" href=\"https:\/\/jahresbericht-verbundvolksbank-owl.de\/2024\/editorial\/\" \/>\n<meta property=\"og:locale\" content=\"de_DE\" \/>\n<meta property=\"og:type\" content=\"article\" \/>\n<meta property=\"og:title\" content=\"Jahresbericht VerbundVolksbank - Editorial\" \/>\n<meta property=\"og:description\" content=\"Unsere Welt befindet sich aktuell in einem starken Wandel \u2013 in politischer, gesellschaftlicher, sozialer und wirtschaftlicher Hinsicht. Trotz oder gerade wegen dieser ver\u00e4nderungsreichen Zeiten zuversichtlich zu sein und zu bleiben, mag einigen nicht ganz leichtfallen.\" \/>\n<meta property=\"og:url\" content=\"https:\/\/jahresbericht-verbundvolksbank-owl.de\/2024\/editorial\/\" \/>\n<meta property=\"og:site_name\" content=\"Jahresbericht VerbundVolksbank OWL 2024\" \/>\n<meta property=\"article:modified_time\" content=\"2025-05-27T08:28:53+00:00\" \/>\n<meta property=\"og:image\" content=\"https:\/\/jahresbericht-verbundvolksbank-owl.de\/2024\/wp-content\/uploads\/2024\/05\/Unterschrift_Kaeter-300x82.png\" \/>\n<meta name=\"twitter:card\" content=\"summary_large_image\" \/>\n<meta name=\"twitter:label1\" content=\"Gesch\u00e4tzte Lesezeit\" \/>\n\t<meta name=\"twitter:data1\" content=\"4\u00a0Minuten\" \/>\n<script type=\"application\/ld+json\" class=\"yoast-schema-graph\">{\"@context\":\"https:\\\/\\\/schema.org\",\"@graph\":[{\"@type\":\"WebPage\",\"@id\":\"https:\\\/\\\/jahresbericht-verbundvolksbank-owl.de\\\/2024\\\/editorial\\\/\",\"url\":\"https:\\\/\\\/jahresbericht-verbundvolksbank-owl.de\\\/2024\\\/editorial\\\/\",\"name\":\"Jahresbericht VerbundVolksbank - Editorial\",\"isPartOf\":{\"@id\":\"https:\\\/\\\/jahresbericht-verbundvolksbank-owl.de\\\/2024\\\/#website\"},\"primaryImageOfPage\":{\"@id\":\"https:\\\/\\\/jahresbericht-verbundvolksbank-owl.de\\\/2024\\\/editorial\\\/#primaryimage\"},\"image\":{\"@id\":\"https:\\\/\\\/jahresbericht-verbundvolksbank-owl.de\\\/2024\\\/editorial\\\/#primaryimage\"},\"thumbnailUrl\":\"https:\\\/\\\/jahresbericht-verbundvolksbank-owl.de\\\/2024\\\/wp-content\\\/uploads\\\/2024\\\/05\\\/Unterschrift_Kaeter-300x82.png\",\"datePublished\":\"2024-05-13T13:03:57+00:00\",\"dateModified\":\"2025-05-27T08:28:53+00:00\",\"description\":\"Unsere Welt befindet sich aktuell in einem starken Wandel \u2013 in politischer, gesellschaftlicher, sozialer und wirtschaftlicher Hinsicht. Trotz oder gerade wegen dieser ver\u00e4nderungsreichen Zeiten zuversichtlich zu sein und zu bleiben, mag einigen nicht ganz leichtfallen.\",\"breadcrumb\":{\"@id\":\"https:\\\/\\\/jahresbericht-verbundvolksbank-owl.de\\\/2024\\\/editorial\\\/#breadcrumb\"},\"inLanguage\":\"de\",\"potentialAction\":[{\"@type\":\"ReadAction\",\"target\":[\"https:\\\/\\\/jahresbericht-verbundvolksbank-owl.de\\\/2024\\\/editorial\\\/\"]}]},{\"@type\":\"ImageObject\",\"inLanguage\":\"de\",\"@id\":\"https:\\\/\\\/jahresbericht-verbundvolksbank-owl.de\\\/2024\\\/editorial\\\/#primaryimage\",\"url\":\"https:\\\/\\\/jahresbericht-verbundvolksbank-owl.de\\\/2024\\\/wp-content\\\/uploads\\\/2024\\\/05\\\/Unterschrift_Kaeter.png\",\"contentUrl\":\"https:\\\/\\\/jahresbericht-verbundvolksbank-owl.de\\\/2024\\\/wp-content\\\/uploads\\\/2024\\\/05\\\/Unterschrift_Kaeter.png\",\"width\":1144,\"height\":311,\"caption\":\"Unterschrift K\u00e4ter\"},{\"@type\":\"BreadcrumbList\",\"@id\":\"https:\\\/\\\/jahresbericht-verbundvolksbank-owl.de\\\/2024\\\/editorial\\\/#breadcrumb\",\"itemListElement\":[{\"@type\":\"ListItem\",\"position\":1,\"name\":\"Startseite\",\"item\":\"https:\\\/\\\/jahresbericht-verbundvolksbank-owl.de\\\/2024\\\/\"},{\"@type\":\"ListItem\",\"position\":2,\"name\":\"Editorial\"}]},{\"@type\":\"WebSite\",\"@id\":\"https:\\\/\\\/jahresbericht-verbundvolksbank-owl.de\\\/2024\\\/#website\",\"url\":\"https:\\\/\\\/jahresbericht-verbundvolksbank-owl.de\\\/2024\\\/\",\"name\":\"Jahresbericht VerbundVolksbank OWL 2024\",\"description\":\"\",\"potentialAction\":[{\"@type\":\"SearchAction\",\"target\":{\"@type\":\"EntryPoint\",\"urlTemplate\":\"https:\\\/\\\/jahresbericht-verbundvolksbank-owl.de\\\/2024\\\/?s={search_term_string}\"},\"query-input\":{\"@type\":\"PropertyValueSpecification\",\"valueRequired\":true,\"valueName\":\"search_term_string\"}}],\"inLanguage\":\"de\"}]}<\/script>\n<!-- \/ Yoast SEO plugin. -->","yoast_head_json":{"title":"Jahresbericht VerbundVolksbank - Editorial","description":"Unsere Welt befindet sich aktuell in einem starken Wandel \u2013 in politischer, gesellschaftlicher, sozialer und wirtschaftlicher Hinsicht. Trotz oder gerade wegen dieser ver\u00e4nderungsreichen Zeiten zuversichtlich zu sein und zu bleiben, mag einigen nicht ganz leichtfallen.","robots":{"index":"index","follow":"follow","max-snippet":"max-snippet:-1","max-image-preview":"max-image-preview:large","max-video-preview":"max-video-preview:-1"},"canonical":"https:\/\/jahresbericht-verbundvolksbank-owl.de\/2024\/editorial\/","og_locale":"de_DE","og_type":"article","og_title":"Jahresbericht VerbundVolksbank - Editorial","og_description":"Unsere Welt befindet sich aktuell in einem starken Wandel \u2013 in politischer, gesellschaftlicher, sozialer und wirtschaftlicher Hinsicht. Trotz oder gerade wegen dieser ver\u00e4nderungsreichen Zeiten zuversichtlich zu sein und zu bleiben, mag einigen nicht ganz leichtfallen.","og_url":"https:\/\/jahresbericht-verbundvolksbank-owl.de\/2024\/editorial\/","og_site_name":"Jahresbericht VerbundVolksbank OWL 2024","article_modified_time":"2025-05-27T08:28:53+00:00","og_image":[{"url":"https:\/\/jahresbericht-verbundvolksbank-owl.de\/2024\/wp-content\/uploads\/2024\/05\/Unterschrift_Kaeter-300x82.png","type":"","width":"","height":""}],"twitter_card":"summary_large_image","twitter_misc":{"Gesch\u00e4tzte Lesezeit":"4\u00a0Minuten"},"schema":{"@context":"https:\/\/schema.org","@graph":[{"@type":"WebPage","@id":"https:\/\/jahresbericht-verbundvolksbank-owl.de\/2024\/editorial\/","url":"https:\/\/jahresbericht-verbundvolksbank-owl.de\/2024\/editorial\/","name":"Jahresbericht VerbundVolksbank - Editorial","isPartOf":{"@id":"https:\/\/jahresbericht-verbundvolksbank-owl.de\/2024\/#website"},"primaryImageOfPage":{"@id":"https:\/\/jahresbericht-verbundvolksbank-owl.de\/2024\/editorial\/#primaryimage"},"image":{"@id":"https:\/\/jahresbericht-verbundvolksbank-owl.de\/2024\/editorial\/#primaryimage"},"thumbnailUrl":"https:\/\/jahresbericht-verbundvolksbank-owl.de\/2024\/wp-content\/uploads\/2024\/05\/Unterschrift_Kaeter-300x82.png","datePublished":"2024-05-13T13:03:57+00:00","dateModified":"2025-05-27T08:28:53+00:00","description":"Unsere Welt befindet sich aktuell in einem starken Wandel \u2013 in politischer, gesellschaftlicher, sozialer und wirtschaftlicher Hinsicht. Trotz oder gerade wegen dieser ver\u00e4nderungsreichen Zeiten zuversichtlich zu sein und zu bleiben, mag einigen nicht ganz leichtfallen.","breadcrumb":{"@id":"https:\/\/jahresbericht-verbundvolksbank-owl.de\/2024\/editorial\/#breadcrumb"},"inLanguage":"de","potentialAction":[{"@type":"ReadAction","target":["https:\/\/jahresbericht-verbundvolksbank-owl.de\/2024\/editorial\/"]}]},{"@type":"ImageObject","inLanguage":"de","@id":"https:\/\/jahresbericht-verbundvolksbank-owl.de\/2024\/editorial\/#primaryimage","url":"https:\/\/jahresbericht-verbundvolksbank-owl.de\/2024\/wp-content\/uploads\/2024\/05\/Unterschrift_Kaeter.png","contentUrl":"https:\/\/jahresbericht-verbundvolksbank-owl.de\/2024\/wp-content\/uploads\/2024\/05\/Unterschrift_Kaeter.png","width":1144,"height":311,"caption":"Unterschrift K\u00e4ter"},{"@type":"BreadcrumbList","@id":"https:\/\/jahresbericht-verbundvolksbank-owl.de\/2024\/editorial\/#breadcrumb","itemListElement":[{"@type":"ListItem","position":1,"name":"Startseite","item":"https:\/\/jahresbericht-verbundvolksbank-owl.de\/2024\/"},{"@type":"ListItem","position":2,"name":"Editorial"}]},{"@type":"WebSite","@id":"https:\/\/jahresbericht-verbundvolksbank-owl.de\/2024\/#website","url":"https:\/\/jahresbericht-verbundvolksbank-owl.de\/2024\/","name":"Jahresbericht VerbundVolksbank OWL 2024","description":"","potentialAction":[{"@type":"SearchAction","target":{"@type":"EntryPoint","urlTemplate":"https:\/\/jahresbericht-verbundvolksbank-owl.de\/2024\/?s={search_term_string}"},"query-input":{"@type":"PropertyValueSpecification","valueRequired":true,"valueName":"search_term_string"}}],"inLanguage":"de"}]}},"_links":{"self":[{"href":"https:\/\/jahresbericht-verbundvolksbank-owl.de\/2024\/wp-json\/wp\/v2\/pages\/1943","targetHints":{"allow":["GET"]}}],"collection":[{"href":"https:\/\/jahresbericht-verbundvolksbank-owl.de\/2024\/wp-json\/wp\/v2\/pages"}],"about":[{"href":"https:\/\/jahresbericht-verbundvolksbank-owl.de\/2024\/wp-json\/wp\/v2\/types\/page"}],"author":[{"embeddable":true,"href":"https:\/\/jahresbericht-verbundvolksbank-owl.de\/2024\/wp-json\/wp\/v2\/users\/1"}],"replies":[{"embeddable":true,"href":"https:\/\/jahresbericht-verbundvolksbank-owl.de\/2024\/wp-json\/wp\/v2\/comments?post=1943"}],"version-history":[{"count":10,"href":"https:\/\/jahresbericht-verbundvolksbank-owl.de\/2024\/wp-json\/wp\/v2\/pages\/1943\/revisions"}],"predecessor-version":[{"id":2869,"href":"https:\/\/jahresbericht-verbundvolksbank-owl.de\/2024\/wp-json\/wp\/v2\/pages\/1943\/revisions\/2869"}],"wp:attachment":[{"href":"https:\/\/jahresbericht-verbundvolksbank-owl.de\/2024\/wp-json\/wp\/v2\/media?parent=1943"}],"curies":[{"name":"wp","href":"https:\/\/api.w.org\/{rel}","templated":true}]}}